{"id":11,"date":"2020-09-25T03:44:46","date_gmt":"2020-09-25T03:44:46","guid":{"rendered":"http:\/\/cpp-ubuntu.org\/about\/"},"modified":"2021-02-14T03:07:18","modified_gmt":"2021-02-14T03:07:18","slug":"about","status":"publish","type":"page","link":"https:\/\/www.cpp-ubuntu.org\/fr\/about\/","title":{"rendered":"\u00c0 propos"},"content":{"rendered":"<p><strong>Vision<\/strong><\/p>\n\n\n\n<p>The Convention for Pan-Africanism and Progress (CPP) is a global political organization that seeks to build a universal alliance in the 21st century based on an endogenous African philosophy called Ubuntu. Committed to the creation of the United Nations of Africa, it also aims to the construction of the Great African Historical Reconstruction.&nbsp; This vision encompasses several pillars, including philosophical, spiritual, educational, cultural, social, economic, technological and political.<\/p>\n\n\n\n<p><strong>Mission<\/strong><\/p>\n\n\n\n<p>The CPP&#8217;s mission is to establish a grassroots organization, a political movement and incubator for a civilizational project that places human beings at the center of the political, social, economic, and cultural life of Africa and the world for the peace, shared prosperity, constant inventiveness and progress.<\/p>\n\n\n\n<p><strong>Objectives<\/strong><\/p>\n\n\n\n<p>The Convention for Pan-Africanism and Progress pursues a set of objectives which include and are not limited to the following:<\/p>\n\n\n\n<ol type=\"1\"><li>To promote the values of Ubuntu namely solidarity, togetherness, unity, sharing, and shared prosperity among Africans and peoples of African descent.<\/li><li>To promote good governance, the rule of law, and equal opportunity<\/li><li>To protect and promote women\u2019s and disabled persons\u2019 rights<\/li><li>To help develop self-help, self-sufficient, self-reliant communities called Ubuntu Communities Development (UCD)<\/li><li>To promote African spiritual unity and to encourage African spiritual leaders and spiritual leaders of African descent of all confessions to spread the message of Africa\u2019s redemption and unity.&nbsp;<\/li><li>To promote Ubuntu-driven corporate social responsibility<\/li><li>To promote ethical leadership<\/li><\/ol>\n\n\n\n<p><strong>Values<\/strong><\/p>\n\n\n\n<p>In performing its mission, the CPP members decisions and actions should be guided by the values of Ubuntu, which are togetherness, progress, individual and communal welfare. In the spirit of fairness and equity the members of CPP abide by, they want to reduce the disparities in the society by promoting a sense of communal empowerment, by creating an environment of humanness in which no one should be deprived from the basic rights.  In addition, other values such as service, sacrifice, love, perseverance, candor, patience, humility, integrity, transparency, excellence, accountability, and trust should also be the guiding lines of CPP.<\/p>\n\n\n\n<p><strong>Campagnes<\/strong><\/p>\n\n\n\n<p id=\"block-46932899-0770-4de8-aa7e-7440b3fd3b74\">La Convention pour le panafricanisme et le progr\u00e8s organise et ex\u00e9cute un certain nombre de campagnes dans la mise en \u0153uvre de sa mission. La liste des campagnes comprend:<\/p>\n\n\n\n<ul id=\"block-bfff4101-acbf-47a4-96a8-0e96bbc0e534\"><li>\u00c9limination de la dette des pays d\u2019Afrique et des Cara\u00efbes<\/li><li>Restitution et r\u00e9paration pour l'Afrique et ses peuples<\/li><li>Produire une Campagne Africaine<\/li><li>Acheter une Campagne Africaine<\/li><li>La Campagne contre le FRANC CFA&nbsp;<\/li><li>Black Lives Matter<\/li><li>Responsabilit\u00e9 Sociale d'Entreprise bas\u00e9e sur Ubuntu<\/li><li>Journ\u00e9e de la Lib\u00e9ration Africaine<\/li><li>D\u00e9colonisation de l'espace<\/li><li>Journ\u00e9e de l'Invention Africaine<\/li><li>Journ\u00e9e de la Cuisine Africaine<\/li><li>Journ\u00e9e de la Sant\u00e9 en Afrique<\/li><li>Semaine du Congo<\/li><li>Restitution des \u0153uvres d'art Africaines<\/li><li>Campagne pour mettre fin \u00e0 la Perruque Judiciaire<\/li><\/ul>\n\n\n\n<p id=\"block-2626a837-5e49-41b5-9df4-697d4f721320\">Partenaires: Amis du Congo: <a href=\"http:\/\/www.friendsofthecongo.org\/\">www.friendsofthecongo.org<\/a>; United for Health Foundation Ghana: <a href=\"http:\/\/www.ufhghana.org\/\">www.ufhghana.org<\/a><\/p>","protected":false},"excerpt":{"rendered":"<p>Vision The Convention for Pan-Africanism and Progress (CPP) is a global political organization that seeks&#8230;<\/p>","protected":false},"author":1,"featured_media":0,"parent":0,"menu_order":0,"comment_status":"closed","ping_status":"closed","template":"","meta":{"_coblocks_attr":"","_coblocks_dimensions":"","_coblocks_responsive_height":"","_coblocks_accordion_ie_support":"","ngg_post_thumbnail":0},"_links":{"self":[{"href":"https:\/\/www.cpp-ubuntu.org\/fr\/wp-json\/wp\/v2\/pages\/11"}],"collection":[{"href":"https:\/\/www.cpp-ubuntu.org\/fr\/wp-json\/wp\/v2\/pages"}],"about":[{"href":"https:\/\/www.cpp-ubuntu.org\/fr\/wp-json\/wp\/v2\/types\/page"}],"author":[{"embeddable":true,"href":"https:\/\/www.cpp-ubuntu.org\/fr\/wp-json\/wp\/v2\/users\/1"}],"replies":[{"embeddable":true,"href":"https:\/\/www.cpp-ubuntu.org\/fr\/wp-json\/wp\/v2\/comments?post=11"}],"version-history":[{"count":6,"href":"https:\/\/www.cpp-ubuntu.org\/fr\/wp-json\/wp\/v2\/pages\/11\/revisions"}],"predecessor-version":[{"id":728,"href":"https:\/\/www.cpp-ubuntu.org\/fr\/wp-json\/wp\/v2\/pages\/11\/revisions\/728"}],"wp:attachment":[{"href":"https:\/\/www.cpp-ubuntu.org\/fr\/wp-json\/wp\/v2\/media?parent=11"}],"curies":[{"name":"wp","href":"https:\/\/api.w.org\/{rel}","templated":true}]}}